{"id":2,"date":"2007-06-29T11:57:29","date_gmt":"2007-06-29T09:57:29","guid":{"rendered":""},"modified":"2025-04-18T10:21:29","modified_gmt":"2025-04-18T09:21:29","slug":"where-is-change","status":"publish","type":"page","link":"https:\/\/thilodeussen.de\/blog\/where-is-change\/","title":{"rendered":"Where is change?"},"content":{"rendered":"\n<figure class=\"wp-block-pullquote\"><blockquote><p>cambio es constante. Ver\u00e4nderung ist konstant. changement est constant. change is constant. transforma\u00e7\u00e3o \u00e9 constante.<\/p><\/blockquote><\/figure>\n\n\n<div class=\"gm-map\" style=\"position: relative;height: 200px; width: 200px;\"><iframe name=\"gm-map-1\" allowfullscreen src=\"https:\/\/thilodeussen.de\/blog\/?geo_mashup_content=render-map&amp;map_data_key=307763f49437a360658268d6e1b88780&amp;name=gm-map-1&amp;map_content=contextual&amp;error_comment=&lt;!-- Geo Mashup found no objects to map in this context--&gt;\" style=\"position: absolute; top: 0; left: 0; width: 100%; height: 100%; border: none; overflow: hidden;\"><\/iframe><\/div>\n\n\n\n<h2 class=\"wp-block-heading\">All posts with geo-data in a fine list<\/h2>\n\n\n\n<p><\/p>\n\n\n<ul class=\"gm-index-posts\"><li><a href=\"https:\/\/thilodeussen.de\/blog\/2025\/travel\/el-puerto\/\">El Puerto<\/a><\/li>\n<li><a href=\"https:\/\/thilodeussen.de\/blog\/2019\/reflection\/feuer-frei-fur-finanzielle-freiheit\/\">Feuer frei f\u00fcr finanzielle Freiheit<\/a><\/li>\n<li><a href=\"https:\/\/thilodeussen.de\/blog\/2017\/travel\/port-atlantique\/\">Port Atlantique<\/a><\/li>\n<li><a href=\"https:\/\/thilodeussen.de\/blog\/2017\/travel\/la-rochelle\/\">La Rochelle<\/a><\/li>\n<li><a href=\"https:\/\/thilodeussen.de\/blog\/2009\/travel\/we-are-art-students-scam\/\">\"We are art students\"-scam<\/a><\/li>\n<li><a href=\"https:\/\/thilodeussen.de\/blog\/2009\/travel\/flying\/sin-die-dritte\/\">SIN, die dritte<\/a><\/li>\n<li><a href=\"https:\/\/thilodeussen.de\/blog\/2009\/travel\/flying\/jfk-for-the-fourth-time\/\">JFK, for the fourth time<\/a><\/li>\n<li><a href=\"https:\/\/thilodeussen.de\/blog\/2009\/travel\/flying\/bos\/\">BOS<\/a><\/li>\n<li><a href=\"https:\/\/thilodeussen.de\/blog\/2014\/travel\/flying\/segelfliegen\/\">Segelfliegen<\/a><\/li>\n<li><a href=\"https:\/\/thilodeussen.de\/blog\/2011\/technology\/technikfolgenabschaetzung\/\">Technikfolgenabsch\u00e4tzung<\/a><\/li>\n<li><a href=\"https:\/\/thilodeussen.de\/blog\/2011\/travel\/flying\/it-takes-two-to-tango\/\">It takes two to tango<\/a><\/li>\n<li><a href=\"https:\/\/thilodeussen.de\/blog\/2011\/travel\/nostalgie\/\">Nostalgie<\/a><\/li>\n<li><a href=\"https:\/\/thilodeussen.de\/blog\/2010\/reflection\/warum-ein-reifenwechsel\/\">Warum ein Reifenwechsel<\/a><\/li>\n<li><a href=\"https:\/\/thilodeussen.de\/blog\/2009\/travel\/flying\/mex-la-tercera\/\">MEX, la tercera<\/a><\/li>\n<li><a href=\"https:\/\/thilodeussen.de\/blog\/2009\/travel\/flying\/jfk-die-zweite\/\">JFK, die zweite<\/a><\/li>\n<li><a href=\"https:\/\/thilodeussen.de\/blog\/2009\/travel\/flying\/txl-ham-again\/\">TXL-HAM, again<\/a><\/li>\n<li><a href=\"https:\/\/thilodeussen.de\/blog\/2009\/travel\/flying\/mad\/\">MAD<\/a><\/li>\n<li><a href=\"https:\/\/thilodeussen.de\/blog\/2009\/travel\/flying\/jfk-die-dritte\/\">JFK, die dritte<\/a><\/li>\n<li><a href=\"https:\/\/thilodeussen.de\/blog\/2009\/travel\/almeria\/\">Almer\u00eda<\/a><\/li>\n<li><a href=\"https:\/\/thilodeussen.de\/blog\/2009\/general\/filmmakers-pride\/\">Filmmaker's pride<\/a><\/li>\n<li><a href=\"https:\/\/thilodeussen.de\/blog\/2009\/travel\/flying\/ewr\/\">EWR<\/a><\/li>\n<li><a href=\"https:\/\/thilodeussen.de\/blog\/2008\/travel\/flying\/mex\/\">MEX<\/a><\/li>\n<li><a href=\"https:\/\/thilodeussen.de\/blog\/2008\/travel\/flying\/mex-la-segunda\/\">MEX, la segunda<\/a><\/li>\n<li><a href=\"https:\/\/thilodeussen.de\/blog\/2009\/travel\/flying\/ham-die-zweite-aber-richtig\/\">HAM, die zweite, aber richtig<\/a><\/li>\n<li><a href=\"https:\/\/thilodeussen.de\/blog\/2009\/travel\/flying\/txl\/\">TXL<\/a><\/li>\n<li><a href=\"https:\/\/thilodeussen.de\/blog\/2009\/travel\/flying\/muc\/\">MUC<\/a><\/li>\n<li><a href=\"https:\/\/thilodeussen.de\/blog\/2009\/travel\/flying\/dxb-2\/\">DXB<\/a><\/li>\n<li><a href=\"https:\/\/thilodeussen.de\/blog\/2009\/travel\/kopenhagen\/\">Kopenhagen<\/a><\/li>\n<li><a href=\"https:\/\/thilodeussen.de\/blog\/2009\/travel\/flying\/nrt\/\">NRT<\/a><\/li>\n<li><a href=\"https:\/\/thilodeussen.de\/blog\/2009\/general\/onkel\/\">Onkel<\/a><\/li>\n<li><a href=\"https:\/\/thilodeussen.de\/blog\/2009\/reflection\/thou-shalt-not-work\/\">Thou shalt not work<\/a><\/li>\n<li><a href=\"https:\/\/thilodeussen.de\/blog\/2009\/travel\/flying\/pek-zum-ersten-zum-zweiten-und-zum-dritten\/\">PEK, zum ersten, zum zweiten und zum dritten<\/a><\/li>\n<li><a href=\"https:\/\/thilodeussen.de\/blog\/2009\/travel\/flying\/sin-second-time\/\">SIN, second time<\/a><\/li>\n<li><a href=\"https:\/\/thilodeussen.de\/blog\/2014\/reflection\/die-100\/\">Die 100<\/a><\/li>\n<li><a href=\"https:\/\/thilodeussen.de\/blog\/2008\/travel\/stadte-reise-china\/\">St\u00e4dte-Reise China<\/a><\/li>\n<li><a href=\"https:\/\/thilodeussen.de\/blog\/2009\/travel\/brasilien\/\">Brasilien<\/a><\/li>\n<li><a href=\"https:\/\/thilodeussen.de\/blog\/2009\/travel\/olha-so\/\">Olha s\u00f3!<\/a><\/li>\n<li><a href=\"https:\/\/thilodeussen.de\/blog\/2009\/travel\/chile\/\">Chile<\/a><\/li>\n<li><a href=\"https:\/\/thilodeussen.de\/blog\/2009\/travel\/libanon\/\">Libanon<\/a><\/li>\n<li><a href=\"https:\/\/thilodeussen.de\/blog\/2009\/travel\/flying\/iad-die-zweite\/\">IAD, die zweite<\/a><\/li>\n<li><a href=\"https:\/\/thilodeussen.de\/blog\/2008\/travel\/flying\/sin\/\">SIN<\/a><\/li>\n<li><a href=\"https:\/\/thilodeussen.de\/blog\/2008\/travel\/flying\/ham\/\">HAM<\/a><\/li>\n<li><a href=\"https:\/\/thilodeussen.de\/blog\/2008\/travel\/flying\/dxb\/\">DXB<\/a><\/li>\n<li><a href=\"https:\/\/thilodeussen.de\/blog\/2009\/travel\/flying\/dxb-die-zweite\/\">DXB, die zweite<\/a><\/li>\n<li><a href=\"https:\/\/thilodeussen.de\/blog\/2009\/travel\/intensivkurs\/\">Intensivkurs<\/a><\/li>\n<li><a href=\"https:\/\/thilodeussen.de\/blog\/2008\/travel\/watch-bag-dvd\/\">Watch, Bag, DVD<\/a><\/li>\n<li><a href=\"https:\/\/thilodeussen.de\/blog\/2008\/travel\/flying\/jfk\/\">JFK<\/a><\/li>\n<li><a href=\"https:\/\/thilodeussen.de\/blog\/2008\/travel\/flying\/lax-la-segunda\/\">LAX, la segunda<\/a><\/li>\n<li><a href=\"https:\/\/thilodeussen.de\/blog\/2008\/travel\/flying\/iad\/\">IAD<\/a><\/li>\n<li><a href=\"https:\/\/thilodeussen.de\/blog\/2008\/travel\/flying\/hkg-die-zweite\/\">HKG, die zweite<\/a><\/li>\n<li><a href=\"https:\/\/thilodeussen.de\/blog\/2008\/travel\/arbeiten-bei-einem-suchmaschinenstartup\/\">Arbeiten bei einem Suchmaschinenstartup<\/a><\/li>\n<li><a href=\"https:\/\/thilodeussen.de\/blog\/2008\/travel\/flying\/pvg-die-dritte\/\">PVG, die dritte<\/a><\/li>\n<li><a href=\"https:\/\/thilodeussen.de\/blog\/2008\/travel\/flying\/iah\/\">IAH<\/a><\/li>\n<li><a href=\"https:\/\/thilodeussen.de\/blog\/2008\/travel\/flying\/add\/\">ADD<\/a><\/li>\n<li><a href=\"https:\/\/thilodeussen.de\/blog\/2008\/travel\/flying\/ath-fco\/\">ATH, FCO<\/a><\/li>\n<li><a href=\"https:\/\/thilodeussen.de\/blog\/2008\/travel\/flying\/ord\/\">ORD<\/a><\/li>\n<li><a href=\"https:\/\/thilodeussen.de\/blog\/2008\/travel\/flying\/mia\/\">MIA<\/a><\/li>\n<li><a href=\"https:\/\/thilodeussen.de\/blog\/2008\/travel\/flying\/del\/\">DEL<\/a><\/li>\n<li><a href=\"https:\/\/thilodeussen.de\/blog\/2008\/travel\/flying\/lax\/\">LAX<\/a><\/li>\n<li><a href=\"https:\/\/thilodeussen.de\/blog\/2008\/travel\/flying\/sfo\/\">SFO<\/a><\/li>\n<li><a href=\"https:\/\/thilodeussen.de\/blog\/2008\/travel\/bemvindo-no-rio\/\">Bemvindo no Rio<\/a><\/li>\n<li><a href=\"https:\/\/thilodeussen.de\/blog\/2008\/research\/informationsverarbeitung\/\">Informationsverarbeitung<\/a><\/li>\n<li><a href=\"https:\/\/thilodeussen.de\/blog\/2008\/travel\/musica-na-cidade-maravilhosa\/\">M\u00fasica na Cidade Maravilhosa<\/a><\/li>\n<li><a href=\"https:\/\/thilodeussen.de\/blog\/2008\/general\/pvg\/\">PVG<\/a><\/li>\n<li><a href=\"https:\/\/thilodeussen.de\/blog\/2008\/travel\/flying\/blr\/\">BLR<\/a><\/li>\n<li><a href=\"https:\/\/thilodeussen.de\/blog\/2008\/travel\/flying\/pvg-die-zweite\/\">PVG, die zweite<\/a><\/li>\n<li><a href=\"https:\/\/thilodeussen.de\/blog\/2008\/travel\/flying\/hkg\/\">HKG<\/a><\/li>\n<li><a href=\"https:\/\/thilodeussen.de\/blog\/2007\/travel\/public-transport-islands\/\">Public Transport Islands<\/a><\/li>\n<li><a href=\"https:\/\/thilodeussen.de\/blog\/2007\/research\/medienmacht-ist-macht\/\">Medienmacht ist Macht<\/a><\/li>\n<li><a href=\"https:\/\/thilodeussen.de\/blog\/2007\/travel\/internet-luft-atmen\/\">Internet-Luft atmen<\/a><\/li>\n<li><a href=\"https:\/\/thilodeussen.de\/blog\/2007\/travel\/ruta-5\/\">Ruta 5<\/a><\/li>\n<li><a href=\"https:\/\/thilodeussen.de\/blog\/2007\/travel\/grenzerfahrungen\/\">Grenzerfahrungen<\/a><\/li>\n<li><a href=\"https:\/\/thilodeussen.de\/blog\/2007\/reflection\/das-selbe-und-das-gleiche-sind-das-selbe-und-das-gleiche\/\">Das selbe und das gleiche sind das selbe und das gleiche<\/a><\/li>\n<li><a href=\"https:\/\/thilodeussen.de\/blog\/2007\/travel\/bienvenue-a-amboise\/\">Bienvenue \u00e0 Amboise<\/a><\/li>\n<li><a href=\"https:\/\/thilodeussen.de\/blog\/2007\/travel\/paris\/\">Paris<\/a><\/li>\n<li><a href=\"https:\/\/thilodeussen.de\/blog\/2007\/general\/we-still-know-surprisingly-little\/\">We still know surprisingly little<\/a><\/li>\n<li><a href=\"https:\/\/thilodeussen.de\/blog\/2007\/research\/internet-macht-kultur\/\">Internet macht Kultur<\/a><\/li>\n<li><a href=\"https:\/\/thilodeussen.de\/blog\/2007\/travel\/nach-chicago\/\">Nach Chicago<\/a><\/li>\n<li><a href=\"https:\/\/thilodeussen.de\/blog\/2007\/reflection\/aint-it-strange\/\">Ain't it strange<\/a><\/li>\n<li><a href=\"https:\/\/thilodeussen.de\/blog\/2007\/travel\/como-se-viaja-en-un-tren\/\">C\u00f3mo se viaja en un tren<\/a><\/li>\n<li><a href=\"https:\/\/thilodeussen.de\/blog\/2007\/travel\/zeitdauer\/\">Zeitdauer<\/a><\/li>\n<li><a href=\"https:\/\/thilodeussen.de\/blog\/2007\/general\/hello-world\/\">Hello world!<\/a><\/li>\n<\/ul>\n","protected":false},"excerpt":{"rendered":"<p>cambio es constante. Ver\u00e4nderung ist konstant. changement est constant. change is constant. transforma\u00e7\u00e3o \u00e9 constante. All posts with geo-data in a fine list<\/p>\n","protected":false},"author":6,"featured_media":0,"parent":0,"menu_order":10,"comment_status":"open","ping_status":"closed","template":"","meta":{"footnotes":""},"class_list":["post-2","page","type-page","status-publish","hentry"],"_links":{"self":[{"href":"https:\/\/thilodeussen.de\/blog\/wp-json\/wp\/v2\/pages\/2","targetHints":{"allow":["GET"]}}],"collection":[{"href":"https:\/\/thilodeussen.de\/blog\/wp-json\/wp\/v2\/pages"}],"about":[{"href":"https:\/\/thilodeussen.de\/blog\/wp-json\/wp\/v2\/types\/page"}],"author":[{"embeddable":true,"href":"https:\/\/thilodeussen.de\/blog\/wp-json\/wp\/v2\/users\/6"}],"replies":[{"embeddable":true,"href":"https:\/\/thilodeussen.de\/blog\/wp-json\/wp\/v2\/comments?post=2"}],"version-history":[{"count":7,"href":"https:\/\/thilodeussen.de\/blog\/wp-json\/wp\/v2\/pages\/2\/revisions"}],"predecessor-version":[{"id":548,"href":"https:\/\/thilodeussen.de\/blog\/wp-json\/wp\/v2\/pages\/2\/revisions\/548"}],"wp:attachment":[{"href":"https:\/\/thilodeussen.de\/blog\/wp-json\/wp\/v2\/media?parent=2"}],"curies":[{"name":"wp","href":"https:\/\/api.w.org\/{rel}","templated":true}]}}