{"id":17,"date":"2007-07-06T18:07:59","date_gmt":"2007-07-06T16:07:59","guid":{"rendered":"http:\/\/thilodeussen.de\/blog\/about\/"},"modified":"2025-04-18T10:30:30","modified_gmt":"2025-04-18T09:30:30","slug":"about","status":"publish","type":"page","link":"https:\/\/thilodeussen.de\/blog\/about\/","title":{"rendered":"About change!"},"content":{"rendered":"\n<blockquote class=\"wp-block-quote is-layout-flow wp-block-quote-is-layout-flow\">\n<p>&#8220;Die Identit\u00e4t eines Menschen erscheint demnach nicht mehr als etwas an sich Feststellbares, sondern als eine jeweils augenblicksgebundene Erscheinungsform, als das Ergebnis sich best\u00e4ndig wandelnder Interaktionen und Begegnungen. <em>Die einzige Konstante ist die Ver\u00e4nderung.<\/em>&#8220;<br> <span style=\"font-size: 10px;\">[Heinz von Foerster. <em><a href=\"http:\/\/www.amazon.de\/gp\/product\/3896702149?ie=UTF8&amp;tag=thilodeussend-21&amp;linkCode=as2&amp;camp=1638&amp;creative=6742&amp;creativeASIN=3896702149\">Wahrheit ist die Erfindung eines L\u00fcgners. Gespr\u00e4che f\u00fcr Skeptiker<\/a><\/em><img loading=\"lazy\" decoding=\"async\" width=\"1\" height=\"1\" border=\"0\" style=\"border: medium none ! important; margin: 0px ! important; display: none;\" src=\"http:\/\/www.assoc-amazon.de\/e\/ir?t=thilodeussend-21&amp;l=as2&amp;o=3&amp;a=3896702149\" alt=\"\">. Carl-Auer-Systeme Verlag. 3. Auflage. 1999. S. 94f.]<\/span><\/p>\n<\/blockquote>\n\n\n\n<h2 class=\"wp-block-heading\">What is this all about<\/h2>\n\n\n\n<p>Are you interested in thoughts on traveling, media, social computer science, internet, philosophy? Good for you!<\/p>\n\n\n\n<h2 class=\"wp-block-heading\">The page &#8220;Where is change?&#8221;<\/h2>\n\n\n\n<p>An interactive map shows all geo-coded blog entries. The given location tries to represent the topos of the blog-entry. I have not necessarily been there.<\/p>\n\n\n\n<h2 class=\"wp-block-heading\">What are you doing?<\/h2>\n\n\n\n<p>If you want to follow my social media updates, go ahead.<\/p>\n\n\n\n<h2 class=\"wp-block-heading\">Individual posts<\/h2>\n\n\n\n<p>If you click on the heading of a post, you get to its individual page. There you can get the corresponding map or translate the page to a language you are more comfortable with.<\/p>\n\n\n\n<h2 class=\"wp-block-heading\">More questions<\/h2>\n\n\n\n<p>Feel free to contact me by e-mail. The address is &#8220;mail&#8221; then the famous @-sign the &#8220;thilodeussen.de&#8221;.<\/p>\n\n\n\n<p><\/p>\n\n\n\n<h1 class=\"wp-block-heading\">Formales<\/h1>\n\n\n\n<p>Diese Website benutzt Google Analytics, einen Webanalysedienst der Googe Inc. (\u201eGoogle\u201c) Google Analytics verwendet sog. \u201eCookies\u201c, Textdateien, die auf Ihrem Computer gespeichert werden und die eine Analyse der Benutzung der Website durch Sie erm\u00f6glicht. Die durch den Cookie erzeugten Informationen \u00fcber Ihre Benutzung diese Website (einschlie\u00dflich Ihrer IP-Adresse) wird an einen Server der Google in den USA \u00fcbertragen und dort gespeichert. Google wird diese Informationen benutzen, um Ihre Nutzung der Website auszuwerten, um Reports \u00fcber die Websiteaktivit\u00e4ten f\u00fcr die Websitebetreiber zusammenzustellen und um weitere mit der Websitenutzung und der Internetnutzung verbundene Dienstleistungen zu erbringen. Auch wird Google diese Informationen gegebenenfalls an Dritte \u00fcbertragen, sofern dies gesetzlich vorgeschrieben oder soweit Dritte diese Daten im Auftrag von Google verarbeiten. Google wird in keinem Fall Ihre IP-Adresse mit anderen Daten der Google in Verbindung bringen. Sie k\u00f6nnen die Installation der Cookies durch eine entsprechende Einstellung Ihrer Browser Software verhindern; wir weisen Sie jedoch darauf hin, dass Sie in diesem Fall gegebenenfalls nicht s\u00e4mtliche Funktionen dieser Website voll umf\u00e4nglich nutzen k\u00f6nnen. Durch die Nutzung dieser Website erkl\u00e4ren Sie sich mit der Bearbeitung der \u00fcber Sie erhobenen Daten durch Google in der zuvor beschriebenen Art und Weise und zu dem zuvor benannten Zweck einverstanden.<\/p>\n\n\n\n<p>Wir greifen auf Drittanbieter zur\u00fcck, um Anzeigen zu schalten, wenn Sie unsere Website besuchen. Diese Unternehmen nutzen m\u00f6glicherweise Informationen (dies schlie\u00dft nicht Ihren Namen, Ihre Adresse, E-Mail-Adresse oder Telefonnummer ein) zu Ihren Besuchen dieser und anderer Websites, damit Anzeigen zu Produkten und Diensten geschaltet werden k\u00f6nnen, die Sie interessieren. Falls Sie mehr \u00fcber diese Methoden erfahren m\u00f6chten oder wissen m\u00f6chten, welche M\u00f6glichkeiten Sie haben, damit diese Informationen nicht von den Unternehmen verwendet werden k\u00f6nnen, klicken Sie hier.<\/p>\n","protected":false},"excerpt":{"rendered":"<p>&#8220;Die Identit\u00e4t eines Menschen erscheint demnach nicht mehr als etwas an sich Feststellbares, sondern als eine jeweils augenblicksgebundene Erscheinungsform, als das Ergebnis sich best\u00e4ndig wandelnder Interaktionen und Begegnungen. Die einzige Konstante ist die Ver\u00e4nderung.&#8220; [Heinz von Foerster. Wahrheit ist die Erfindung eines L\u00fcgners. Gespr\u00e4che f\u00fcr Skeptiker. Carl-Auer-Systeme Verlag. 3. Auflage. 1999. S. 94f.] What is &hellip; <\/p>\n<p class=\"link-more\"><a href=\"https:\/\/thilodeussen.de\/blog\/about\/\" class=\"more-link\">Continue reading<span class=\"screen-reader-text\"> &#8220;About change!&#8221;<\/span><\/a><\/p>\n","protected":false},"author":6,"featured_media":0,"parent":0,"menu_order":30,"comment_status":"open","ping_status":"closed","template":"","meta":{"footnotes":""},"class_list":["post-17","page","type-page","status-publish","hentry"],"_links":{"self":[{"href":"https:\/\/thilodeussen.de\/blog\/wp-json\/wp\/v2\/pages\/17","targetHints":{"allow":["GET"]}}],"collection":[{"href":"https:\/\/thilodeussen.de\/blog\/wp-json\/wp\/v2\/pages"}],"about":[{"href":"https:\/\/thilodeussen.de\/blog\/wp-json\/wp\/v2\/types\/page"}],"author":[{"embeddable":true,"href":"https:\/\/thilodeussen.de\/blog\/wp-json\/wp\/v2\/users\/6"}],"replies":[{"embeddable":true,"href":"https:\/\/thilodeussen.de\/blog\/wp-json\/wp\/v2\/comments?post=17"}],"version-history":[{"count":5,"href":"https:\/\/thilodeussen.de\/blog\/wp-json\/wp\/v2\/pages\/17\/revisions"}],"predecessor-version":[{"id":550,"href":"https:\/\/thilodeussen.de\/blog\/wp-json\/wp\/v2\/pages\/17\/revisions\/550"}],"wp:attachment":[{"href":"https:\/\/thilodeussen.de\/blog\/wp-json\/wp\/v2\/media?parent=17"}],"curies":[{"name":"wp","href":"https:\/\/api.w.org\/{rel}","templated":true}]}}